{"id":5,"date":"2015-02-17T15:04:43","date_gmt":"2015-02-17T15:04:43","guid":{"rendered":"http:\/\/www.cmi-fdv.si\/kronglc\/?page_id=5"},"modified":"2020-09-29T09:06:49","modified_gmt":"2020-09-29T09:06:49","slug":"baze","status":"publish","type":"page","link":"http:\/\/www.cmi-fdv.si\/kronglc\/baze\/","title":{"rendered":"Baze podatkov"},"content":{"rendered":"\n<div class=\"wp-block-group\"><div class=\"wp-block-group__inner-container\">\n<p><strong>Vsebina predmeta:<\/strong><\/p>\n\n\n\n<p>Mesto in vloga podatkov in podatkovnih virov v organizaciji. Podatki in podatkovni modeli. Baze podatkov in njihove zna\u010dilnosti. Podatkovna arhitektura. Podatkovno skladi\u0161\u010denje. Na\u010drtovanje, razvoj in implementacija baz podatkov. Informacijska orodja: CASE in sistemi za upravljanje baz podatkov (SUBP). Skrbni\u0161tvo podatkov in skrbni\u0161tvo podatkovnih baz. Jezik SQL. Uporaba podatkovnih baz za analiziranje in odlo\u010danje.<\/p>\n<\/div><\/div>\n\n\n\n<div class=\"wp-block-group\"><div class=\"wp-block-group__inner-container\">\n<p><strong>Cilji in kompetence:<\/strong><\/p>\n\n\n\n<p>Slu\u0161atelje seznaniti z metodolo\u0161kimi izhodi\u0161\u010di, mo\u017enostmi izvedbe in prakti\u010dnimi izku\u0161njami na podro\u010dju vzpostavljanja, upravljanja, uporabe in vzdr\u017eevanja podatkovnih baz in ostalih informacijskih virov v organizacijah ter sodobnimi koncepti informacijske infrastrukture.<\/p>\n\n\n\n<p>Slu\u0161atelji bodo znali kriti\u010dno oceniti mo\u017ene pristope na tem podro\u010dju in imeli znanja s podro\u010dja uporabe informacijskih orodij za delo s podatki in podatkovnimi viri.<\/p>\n<\/div><\/div>\n\n\n\n<div class=\"wp-block-group\"><div class=\"wp-block-group__inner-container\">\n<p><strong>Tedenski u\u010dni na\u010drt (delovna verzija):<\/strong><\/p>\n\n\n\n<figure class=\"wp-block-image size-large is-style-default\"><img loading=\"lazy\" width=\"847\" height=\"480\" src=\"http:\/\/www.cmi-fdv.si\/kronglc\/wp-content\/uploads\/2020\/09\/UcniNacrt2020-1.png\" alt=\"\" class=\"wp-image-611\" srcset=\"http:\/\/www.cmi-fdv.si\/kronglc\/wp-content\/uploads\/2020\/09\/UcniNacrt2020-1.png 847w, http:\/\/www.cmi-fdv.si\/kronglc\/wp-content\/uploads\/2020\/09\/UcniNacrt2020-1-300x170.png 300w, http:\/\/www.cmi-fdv.si\/kronglc\/wp-content\/uploads\/2020\/09\/UcniNacrt2020-1-768x435.png 768w\" sizes=\"(max-width: 847px) 100vw, 847px\" \/><\/figure>\n<\/div><\/div>\n\n\n\n<div class=\"wp-block-group\"><div class=\"wp-block-group__inner-container\">\n<p>Seminarska naloga in ocenjevanje (delovna verzija):<\/p>\n\n\n\n<p><strong>Seminarska naloga<\/strong> (predvidoma po 2 \u0161tudenta skupaj) poteka \u010dez cel semester. Nalogo morate oddati v 4 delih in sicer predvidoma v 4., 9., 12. in 15. tednu. Obvezne so <strong>predstavitve <\/strong>vseh oddaj razen 3. Predstavitve bodo predvidoma v 4., 8. in 14.\/15. tednu predavanj. Pri vsaki oddaji oddajte tudi (po potrebi popravljene) vse prej\u0161nje dele naloge. Vsak del se oceni dvakrat in sicer ko se prvi\u010d odda (in predstavi) ter na koncu (po morebitnih popravkih po oddaji zadnjega dela). Bolj podrobne informacije o seminarski nalogi bodo objavljene na spletni strani predmeta in razlo\u017eene na predavanjih.<\/p>\n<\/div><\/div>\n\n\n\n<div class=\"wp-block-group\"><div class=\"wp-block-group__inner-container\">\n<p><strong>Ocenjevanje<\/strong> <\/p>\n\n\n\n<p>50% ocene  predstavlja projektna naloga (mora biti pozitivno ocenjena, kar <strong>je POGOJ ZA PRISTOP K PRISNEM PREIZKUSU<\/strong>), 50% pisni preizkus (mora biti pozitivno ocenjen).<\/p>\n<\/div><\/div>\n\n\n\n<div class=\"wp-block-group\"><div class=\"wp-block-group__inner-container\">\n<p><strong>Viri<\/strong><\/p>\n\n\n\n<ul><li>Silberschatz, A., Korth H.F., Sudarshan S. (2019): Database System Concepts. McGraw Hill Education, NY.<\/li><li>Jakli\u010d, Jurij (2002) Upravljanje in uporaba podatkov, Ljubljana: Ekonomska fakulteta.<\/li><\/ul>\n<\/div><\/div>\n\n\n\n<div class=\"wp-block-group\"><div class=\"wp-block-group__inner-container\">\n<p><strong>Predavanja<\/strong><\/p>\n\n\n\n<p><a href=\"http:\/\/www.cmi-fdv.si\/kronglc\/bp-ucninacrt#1\">Povezava do predavanj<\/a><\/p>\n<\/div><\/div>\n\n\n\n<p><\/p>\n","protected":false},"excerpt":{"rendered":"","protected":false},"author":1,"featured_media":0,"parent":0,"menu_order":0,"comment_status":"open","ping_status":"open","template":"","meta":[],"_links":{"self":[{"href":"http:\/\/www.cmi-fdv.si\/kronglc\/wp-json\/wp\/v2\/pages\/5"}],"collection":[{"href":"http:\/\/www.cmi-fdv.si\/kronglc\/wp-json\/wp\/v2\/pages"}],"about":[{"href":"http:\/\/www.cmi-fdv.si\/kronglc\/wp-json\/wp\/v2\/types\/page"}],"author":[{"embeddable":true,"href":"http:\/\/www.cmi-fdv.si\/kronglc\/wp-json\/wp\/v2\/users\/1"}],"replies":[{"embeddable":true,"href":"http:\/\/www.cmi-fdv.si\/kronglc\/wp-json\/wp\/v2\/comments?post=5"}],"version-history":[{"count":34,"href":"http:\/\/www.cmi-fdv.si\/kronglc\/wp-json\/wp\/v2\/pages\/5\/revisions"}],"predecessor-version":[{"id":622,"href":"http:\/\/www.cmi-fdv.si\/kronglc\/wp-json\/wp\/v2\/pages\/5\/revisions\/622"}],"wp:attachment":[{"href":"http:\/\/www.cmi-fdv.si\/kronglc\/wp-json\/wp\/v2\/media?parent=5"}],"curies":[{"name":"wp","href":"https:\/\/api.w.org\/{rel}","templated":true}]}}